{"id":92,"date":"2025-06-17T21:52:43","date_gmt":"2025-06-17T20:52:43","guid":{"rendered":"https:\/\/julian-behr.de\/?page_id=92"},"modified":"2025-12-27T21:32:28","modified_gmt":"2025-12-27T20:32:28","slug":"agbs","status":"publish","type":"page","link":"https:\/\/julian-behr.de\/?page_id=92","title":{"rendered":"Datenschutzerkl\u00e4rung"},"content":{"rendered":"<div  class='flex_column av-1zai8-7396f242580deea549d0f30d0fac5d7d av_one_fifth  avia-builder-el-0  el_before_av_three_fifth  avia-builder-el-first  first flex_column_div  '     ><\/div>\n<div  class='flex_column av-gi8-70935bfd60b97e8353663a6e5c3eca16 av_three_fifth  avia-builder-el-1  el_after_av_one_fifth  el_before_av_one_fifth  flex_column_div  '     ><section  class='av_textblock_section av-mjor2koo-4c677b217f0857016c91268c8e29bb24 '   itemscope=\"itemscope\" itemtype=\"https:\/\/schema.org\/CreativeWork\" ><div class='avia_textblock'  itemprop=\"text\" ><p><strong>Datenschutzerkl\u00e4rung<\/strong><\/p>\n<p><strong>1. Verantwortlicher<\/strong><\/p>\n<p>Julian Behr<br \/>\nAlemannenstrasse 3<br \/>\nDeutschland<\/p>\n<p>E-Mail: leutaro@posteo.de<br \/>\nWebsite: <a href=\"https:\/\/julian-behr.de\">https:\/\/julian-behr.de<\/a><\/p>\n<p><strong>2. Allgemeines zur Datenverarbeitung<\/strong><\/p>\n<p>Wir nehmen den Schutz Ihrer pers\u00f6nlichen Daten sehr ernst.<br \/>\nPersonenbezogene Daten werden auf dieser Website nur erhoben, soweit dies technisch notwendig ist oder Sie uns diese freiwillig mitteilen (z. B. per E-Mail oder \u00fcber ein Kontaktformular).<br \/>\nIhre Daten werden ohne Ihre ausdr\u00fcckliche Zustimmung <strong>nicht an Dritte weitergegeben<\/strong>.<\/p>\n<p><strong>3. Zugriffsdaten und Server-Logfiles<\/strong><\/p>\n<p>Der Hosting-Provider dieser Seite erhebt und speichert automatisch Informationen in sogenannten Server-Logfiles, die Ihr Browser automatisch \u00fcbermittelt.<br \/>\nDies sind insbesondere:<\/p>\n<p>Diese Daten werden ausschlie\u00dflich zur <strong>technischen Bereitstellung und Sicherheit der Website<\/strong> verwendet und nach sp\u00e4testens [z. B. 7 Tagen] gel\u00f6scht.<br \/>\nEine Zusammenf\u00fchrung dieser Daten mit anderen Datenquellen erfolgt nicht.<\/p>\n<p><strong>4. Kontaktaufnahme<\/strong><\/p>\n<p>Wenn Sie uns per E-Mail oder \u00fcber ein Kontaktformular kontaktieren, werden Ihre Angaben inklusive der von Ihnen angegebenen Kontaktdaten zwecks Bearbeitung der Anfrage und f\u00fcr den Fall von Anschlussfragen gespeichert.<br \/>\nDiese Daten geben wir nicht ohne Ihre Einwilligung weiter.<\/p>\n<p><strong>Rechtsgrundlage:<\/strong> Art. 6 Abs. 1 lit. b DSGVO (Vertragserf\u00fcllung oder vorvertragliche Ma\u00dfnahmen).<\/p>\n<p><strong>5. Verwendung von Cookies<\/strong><\/p>\n<p>Diese Website verwendet <strong>nur technisch notwendige Cookies<\/strong>, soweit dies zur Bereitstellung der Website erforderlich ist.<br \/>\nEine Reichweitenanalyse oder Profilbildung findet <strong>nicht<\/strong> statt.<\/p>\n<p>Sofern Sie eingebettete Dienste von Drittanbietern (z. B. Google Maps) aktivieren, kann der jeweilige Anbieter eigene Cookies setzen.<br \/>\nDiese werden erst nach Ihrer <strong>Einwilligung<\/strong> gem\u00e4\u00df Art. 6 Abs. 1 lit. a DSGVO aktiviert.<\/p>\n<p><strong>6. Verwendung von Google Fonts<\/strong><\/p>\n<p><strong>Art und Zweck der Verarbeitung:<\/strong><br \/>\nDiese Website verwendet Google Fonts f\u00fcr eine einheitliche Darstellung von Schriftarten.<br \/>\nDie Google Fonts sind <strong>lokal eingebunden<\/strong>, sodass beim Aufruf der Seite <strong>keine Verbindung zu Google-Servern<\/strong> hergestellt wird und <strong>keine personenbezogenen Daten an Google \u00fcbertragen<\/strong> werden.<\/p>\n<p>Falls die Fonts \u00fcber Google-Server eingebunden werden sollten, gilt Folgendes:<br \/>\nBeim Aufruf einer Seite l\u00e4dt Ihr Browser die ben\u00f6tigten Schriftarten direkt von den Servern der Google Ireland Limited, Gordon House, Barrow Street, Dublin 4, Irland.<br \/>\nDabei wird Ihre IP-Adresse an Google \u00fcbermittelt.<\/p>\n<p><strong>Rechtsgrundlage:<\/strong> Art. 6 Abs. 1 lit. f DSGVO (berechtigtes Interesse an einer ansprechenden Darstellung der Website).<\/p>\n<p>Weitere Informationen zu Google Fonts:<br \/>\n<a href=\"https:\/\/developers.google.com\/fonts\/faq\">https:\/\/developers.google.com\/fonts\/faq<\/a><br \/>\nDatenschutzerkl\u00e4rung von Google: <a href=\"https:\/\/policies.google.com\/privacy\">https:\/\/policies.google.com\/privacy<\/a><\/p>\n<p><strong>7. Verwendung von Google Maps<\/strong><\/p>\n<p>Diese Website nutzt den Kartendienst <strong>Google Maps<\/strong> der Google Ireland Limited, Gordon House, Barrow Street, Dublin 4, Irland.<\/p>\n<p><strong>Art und Zweck der Verarbeitung:<\/strong><br \/>\nGoogle Maps erm\u00f6glicht die Darstellung interaktiver Karten direkt auf der Website und erleichtert die Standortsuche.<br \/>\nUm die Karten anzuzeigen, muss Google Ihre IP-Adresse verarbeiten.<br \/>\nDiese Informationen werden in der Regel an einen Server von Google in den USA \u00fcbertragen und dort gespeichert.<\/p>\n<p>Die Nutzung von Google Maps erfolgt nur, wenn Sie dem im Cookie-Banner oder per Klick auf die Karte <strong>ausdr\u00fccklich zugestimmt<\/strong> haben.<br \/>\nRechtsgrundlage ist Ihre Einwilligung gem\u00e4\u00df <strong>Art. 6 Abs. 1 lit. a DSGVO<\/strong>.<\/p>\n<p>Weitere Informationen zur Datenverarbeitung durch Google finden Sie unter:<br \/>\n<a href=\"https:\/\/policies.google.com\/privacy\">https:\/\/policies.google.com\/privacy<\/a><\/p>\n<p><strong>8. Ihre Rechte<\/strong><\/p>\n<p>Sie haben jederzeit das Recht auf:<\/p>\n<p>Hierzu sowie zu weiteren Fragen zum Thema Datenschutz k\u00f6nnen Sie sich jederzeit unter der oben angegebenen Adresse an uns wenden.<\/p>\n<p><strong>9. Beschwerderecht bei der Aufsichtsbeh\u00f6rde<\/strong><\/p>\n<p>Sie haben das Recht, sich bei einer Datenschutzaufsichtsbeh\u00f6rde \u00fcber die Verarbeitung Ihrer personenbezogenen Daten zu beschweren.<br \/>\nZust\u00e4ndig ist die <strong>Landesdatenschutzbeh\u00f6rde Ihres Wohnsitzes<\/strong>.<br \/>\nEine Liste der Aufsichtsbeh\u00f6rden finden Sie hier:<br \/>\n<a>https:\/\/www.bfdi.bund.de\/DE\/Service\/Anschriften\/Laender\/Laender-node.html<\/a><\/p>\n<p><strong>10. Aktualit\u00e4t und \u00c4nderung dieser Datenschutzerkl\u00e4rung<\/strong><\/p>\n<p>Diese Datenschutzerkl\u00e4rung ist aktuell g\u00fcltig und hat den Stand <strong>[Monat Jahr]<\/strong>.<br \/>\nWir behalten uns vor, sie bei Bedarf anzupassen, z. B. bei \u00c4nderungen gesetzlicher Vorgaben oder technischer Anpassungen der Website.<\/p>\n<\/div><\/section><\/div><div  class='flex_column av-um00-cdaaacf72412c67b30fb2884bf871af0 av_one_fifth  avia-builder-el-3  el_after_av_three_fifth  avia-builder-el-last  flex_column_div  '     ><\/div><\/p>\n","protected":false},"excerpt":{"rendered":"","protected":false},"author":1,"featured_media":0,"parent":0,"menu_order":0,"comment_status":"closed","ping_status":"closed","template":"","meta":{"footnotes":""},"class_list":["post-92","page","type-page","status-publish","hentry"],"yoast_head":"<!-- This site is optimized with the Yoast SEO plugin v27.3 - https:\/\/yoast.com\/product\/yoast-seo-wordpress\/ -->\n<title>Datenschutzerkl\u00e4rung - Lauten Prof. Julian Behr<\/title>\n<meta name=\"robots\" content=\"index, follow, max-snippet:-1, max-image-preview:large, max-video-preview:-1\" \/>\n<link rel=\"canonical\" href=\"https:\/\/julian-behr.de\/?page_id=92\" \/>\n<meta property=\"og:locale\" content=\"de_DE\" \/>\n<meta property=\"og:type\" content=\"article\" \/>\n<meta property=\"og:title\" content=\"Datenschutzerkl\u00e4rung - Lauten Prof. Julian Behr\" \/>\n<meta property=\"og:url\" content=\"https:\/\/julian-behr.de\/?page_id=92\" \/>\n<meta property=\"og:site_name\" content=\"Lauten Prof. Julian Behr\" \/>\n<meta property=\"article:modified_time\" content=\"2025-12-27T20:32:28+00:00\" \/>\n<meta name=\"twitter:card\" content=\"summary_large_image\" \/>\n<meta name=\"twitter:label1\" content=\"Gesch\u00e4tzte Lesezeit\" \/>\n\t<meta name=\"twitter:data1\" content=\"10\u00a0Minuten\" \/>\n<script type=\"application\/ld+json\" class=\"yoast-schema-graph\">{\"@context\":\"https:\\\/\\\/schema.org\",\"@graph\":[{\"@type\":\"WebPage\",\"@id\":\"https:\\\/\\\/julian-behr.de\\\/?page_id=92\",\"url\":\"https:\\\/\\\/julian-behr.de\\\/?page_id=92\",\"name\":\"Datenschutzerkl\u00e4rung - Lauten Prof. Julian Behr\",\"isPartOf\":{\"@id\":\"https:\\\/\\\/julian-behr.de\\\/#website\"},\"datePublished\":\"2025-06-17T20:52:43+00:00\",\"dateModified\":\"2025-12-27T20:32:28+00:00\",\"breadcrumb\":{\"@id\":\"https:\\\/\\\/julian-behr.de\\\/?page_id=92#breadcrumb\"},\"inLanguage\":\"de\",\"potentialAction\":[{\"@type\":\"ReadAction\",\"target\":[\"https:\\\/\\\/julian-behr.de\\\/?page_id=92\"]}]},{\"@type\":\"BreadcrumbList\",\"@id\":\"https:\\\/\\\/julian-behr.de\\\/?page_id=92#breadcrumb\",\"itemListElement\":[{\"@type\":\"ListItem\",\"position\":1,\"name\":\"Start\",\"item\":\"https:\\\/\\\/julian-behr.de\\\/\"},{\"@type\":\"ListItem\",\"position\":2,\"name\":\"Datenschutzerkl\u00e4rung\"}]},{\"@type\":\"WebSite\",\"@id\":\"https:\\\/\\\/julian-behr.de\\\/#website\",\"url\":\"https:\\\/\\\/julian-behr.de\\\/\",\"name\":\"Lauten Prof. Julian Behr\",\"description\":\"Prof. J.Behr - Meisterhafte Laute \u2013 Klangkunst zwischen Tradition und Moderne\",\"potentialAction\":[{\"@type\":\"SearchAction\",\"target\":{\"@type\":\"EntryPoint\",\"urlTemplate\":\"https:\\\/\\\/julian-behr.de\\\/?s={search_term_string}\"},\"query-input\":{\"@type\":\"PropertyValueSpecification\",\"valueRequired\":true,\"valueName\":\"search_term_string\"}}],\"inLanguage\":\"de\"}]}<\/script>\n<!-- \/ Yoast SEO plugin. -->","yoast_head_json":{"title":"Datenschutzerkl\u00e4rung - Lauten Prof. Julian Behr","robots":{"index":"index","follow":"follow","max-snippet":"max-snippet:-1","max-image-preview":"max-image-preview:large","max-video-preview":"max-video-preview:-1"},"canonical":"https:\/\/julian-behr.de\/?page_id=92","og_locale":"de_DE","og_type":"article","og_title":"Datenschutzerkl\u00e4rung - Lauten Prof. Julian Behr","og_url":"https:\/\/julian-behr.de\/?page_id=92","og_site_name":"Lauten Prof. Julian Behr","article_modified_time":"2025-12-27T20:32:28+00:00","twitter_card":"summary_large_image","twitter_misc":{"Gesch\u00e4tzte Lesezeit":"10\u00a0Minuten"},"schema":{"@context":"https:\/\/schema.org","@graph":[{"@type":"WebPage","@id":"https:\/\/julian-behr.de\/?page_id=92","url":"https:\/\/julian-behr.de\/?page_id=92","name":"Datenschutzerkl\u00e4rung - Lauten Prof. Julian Behr","isPartOf":{"@id":"https:\/\/julian-behr.de\/#website"},"datePublished":"2025-06-17T20:52:43+00:00","dateModified":"2025-12-27T20:32:28+00:00","breadcrumb":{"@id":"https:\/\/julian-behr.de\/?page_id=92#breadcrumb"},"inLanguage":"de","potentialAction":[{"@type":"ReadAction","target":["https:\/\/julian-behr.de\/?page_id=92"]}]},{"@type":"BreadcrumbList","@id":"https:\/\/julian-behr.de\/?page_id=92#breadcrumb","itemListElement":[{"@type":"ListItem","position":1,"name":"Start","item":"https:\/\/julian-behr.de\/"},{"@type":"ListItem","position":2,"name":"Datenschutzerkl\u00e4rung"}]},{"@type":"WebSite","@id":"https:\/\/julian-behr.de\/#website","url":"https:\/\/julian-behr.de\/","name":"Lauten Prof. Julian Behr","description":"Prof. J.Behr - Meisterhafte Laute \u2013 Klangkunst zwischen Tradition und Moderne","potentialAction":[{"@type":"SearchAction","target":{"@type":"EntryPoint","urlTemplate":"https:\/\/julian-behr.de\/?s={search_term_string}"},"query-input":{"@type":"PropertyValueSpecification","valueRequired":true,"valueName":"search_term_string"}}],"inLanguage":"de"}]}},"_links":{"self":[{"href":"https:\/\/julian-behr.de\/index.php?rest_route=\/wp\/v2\/pages\/92","targetHints":{"allow":["GET"]}}],"collection":[{"href":"https:\/\/julian-behr.de\/index.php?rest_route=\/wp\/v2\/pages"}],"about":[{"href":"https:\/\/julian-behr.de\/index.php?rest_route=\/wp\/v2\/types\/page"}],"author":[{"embeddable":true,"href":"https:\/\/julian-behr.de\/index.php?rest_route=\/wp\/v2\/users\/1"}],"replies":[{"embeddable":true,"href":"https:\/\/julian-behr.de\/index.php?rest_route=%2Fwp%2Fv2%2Fcomments&post=92"}],"version-history":[{"count":0,"href":"https:\/\/julian-behr.de\/index.php?rest_route=\/wp\/v2\/pages\/92\/revisions"}],"wp:attachment":[{"href":"https:\/\/julian-behr.de\/index.php?rest_route=%2Fwp%2Fv2%2Fmedia&parent=92"}],"curies":[{"name":"wp","href":"https:\/\/api.w.org\/{rel}","templated":true}]}}